{"id":67,"date":"2026-04-27T13:24:53","date_gmt":"2026-04-27T13:24:53","guid":{"rendered":"https:\/\/ageron-mathurin.mmigrenoble-dev.fr\/?page_id=67"},"modified":"2026-04-30T10:55:45","modified_gmt":"2026-04-30T10:55:45","slug":"realisations","status":"publish","type":"page","link":"https:\/\/ageron-mathurin.mmigrenoble-dev.fr\/?page_id=67","title":{"rendered":"r\u00e9alisations"},"content":{"rendered":"\t\t<div data-elementor-type=\"wp-page\" data-elementor-id=\"67\" class=\"elementor elementor-67\">\n\t\t\t\t<div class=\"elementor-element elementor-element-910601e e-flex e-con-boxed e-con e-parent\" data-id=\"910601e\" data-element_type=\"container\" data-e-type=\"container\">\n\t\t\t\t\t<div class=\"e-con-inner\">\n\t\t<div class=\"elementor-element elementor-element-f38d748 e-con-full e-flex e-con e-child\" data-id=\"f38d748\" data-element_type=\"container\" data-e-type=\"container\">\n\t\t\t\t<div class=\"elementor-element elementor-element-cc74659 elementor-grid-eael-col-3 elementor-grid-tablet-eael-col-2 elementor-grid-mobile-eael-col-1 elementor-widget elementor-widget-eael-post-grid\" data-id=\"cc74659\" data-element_type=\"widget\" data-e-type=\"widget\" data-settings=\"{&quot;eael_post_grid_columns&quot;:&quot;eael-col-3&quot;,&quot;eael_post_grid_columns_tablet&quot;:&quot;eael-col-2&quot;,&quot;eael_post_grid_columns_mobile&quot;:&quot;eael-col-1&quot;}\" data-widget_type=\"eael-post-grid.default\">\n\t\t\t\t\t<div id=\"eael-post-grid-cc74659\" class=\"eael-post-grid-container\">\n            <div class=\"eael-post-grid eael-post-appender eael-post-appender-cc74659 eael-post-grid-style-two\" data-layout-mode=\"masonry\"><article class=\"eael-grid-post  eael-post-grid-column eael-pg-post-274 category-communication tags-article-projet-scolaire-word\" data-id=\"274\">\n    <div class=\"eael-grid-post-holder\">\n        <div class=\"eael-grid-post-holder-inner\"><div class=\"eael-entry-media\"><div class=\"eael-entry-overlay fade-in\"><i class=\"fas fa-long-arrow-alt-right\" aria-hidden=\"true\"><\/i><a href=\"https:\/\/ageron-mathurin.mmigrenoble-dev.fr\/?p=274\"><\/a><\/div><div class=\"eael-entry-thumbnail \">\n                            <img fetchpriority=\"high\" decoding=\"async\" width=\"590\" height=\"786\" src=\"https:\/\/ageron-mathurin.mmigrenoble-dev.fr\/wp-content\/uploads\/2026\/04\/Capture-decran-2026-04-30-114000.png\" class=\"attachment-full size-full wp-image-289\" alt=\"\" srcset=\"https:\/\/ageron-mathurin.mmigrenoble-dev.fr\/wp-content\/uploads\/2026\/04\/Capture-decran-2026-04-30-114000.png 590w, https:\/\/ageron-mathurin.mmigrenoble-dev.fr\/wp-content\/uploads\/2026\/04\/Capture-decran-2026-04-30-114000-225x300.png 225w\" sizes=\"(max-width: 590px) 100vw, 590px\" \/>\n                            <\/div>\n                    <\/div><div class=\"eael-entry-wrapper\"><header class=\"eael-entry-header\"><h2 class=\"eael-entry-title\"><a class=\"eael-grid-post-link\" href=\"https:\/\/ageron-mathurin.mmigrenoble-dev.fr\/?p=274\" title=\"Portrait de Presse Ousmane Demb\u00e9l\u00e9 &#8211; R105\">Portrait de Presse Ousmane Demb\u00e9l\u00e9 &#8211; R105<\/a><\/h2><\/header><div class=\"eael-entry-content\">\n                                <div class=\"eael-grid-post-excerpt\"><p>Portrait de Presse Ousmane Demb\u00e9l\u00e9 &#8211; R105 Dans...<\/p><a href=\"https:\/\/ageron-mathurin.mmigrenoble-dev.fr\/?p=274\" class=\"eael-post-elements-readmore-btn\">Read More<\/a><\/div>\n                            <\/div><div class=\"eael-entry-header-after style-two\"><div class=\"eael-entry-meta\"><span class=\"eael-meta-posted-on\"><i class=\"far fa-clock\"><\/i><time datetime=\"avril 30, 2026\">avril 30, 2026<\/time><\/span><\/div><\/div><\/div><\/div>\n    <\/div>\n<\/article><article class=\"eael-grid-post  eael-post-grid-column eael-pg-post-272 category-montage-production-video tags-premier-pro-production-video-projet-scolaire\" data-id=\"272\">\n    <div class=\"eael-grid-post-holder\">\n        <div class=\"eael-grid-post-holder-inner\"><div class=\"eael-entry-media\"><div class=\"eael-entry-overlay fade-in\"><i class=\"fas fa-long-arrow-alt-right\" aria-hidden=\"true\"><\/i><a href=\"https:\/\/ageron-mathurin.mmigrenoble-dev.fr\/?p=272\"><\/a><\/div><div class=\"eael-entry-thumbnail \">\n                            <img decoding=\"async\" width=\"1350\" height=\"921\" src=\"https:\/\/ageron-mathurin.mmigrenoble-dev.fr\/wp-content\/uploads\/2026\/04\/Capture-decran-2026-04-29-224705.png\" class=\"attachment-full size-full wp-image-183\" alt=\"\" srcset=\"https:\/\/ageron-mathurin.mmigrenoble-dev.fr\/wp-content\/uploads\/2026\/04\/Capture-decran-2026-04-29-224705.png 1350w, https:\/\/ageron-mathurin.mmigrenoble-dev.fr\/wp-content\/uploads\/2026\/04\/Capture-decran-2026-04-29-224705-300x205.png 300w, https:\/\/ageron-mathurin.mmigrenoble-dev.fr\/wp-content\/uploads\/2026\/04\/Capture-decran-2026-04-29-224705-1024x699.png 1024w, https:\/\/ageron-mathurin.mmigrenoble-dev.fr\/wp-content\/uploads\/2026\/04\/Capture-decran-2026-04-29-224705-768x524.png 768w\" sizes=\"(max-width: 1350px) 100vw, 1350px\" \/>\n                            <\/div>\n                    <\/div><div class=\"eael-entry-wrapper\"><header class=\"eael-entry-header\"><h2 class=\"eael-entry-title\"><a class=\"eael-grid-post-link\" href=\"https:\/\/ageron-mathurin.mmigrenoble-dev.fr\/?p=272\" title=\"Portrait Documentaire \u00ab\u00a0La t\u00eate qui tourne\u00a0\u00bb &#8211; SAE 104\">Portrait Documentaire \u00ab\u00a0La t\u00eate qui tourne\u00a0\u00bb &#8211; SAE 104<\/a><\/h2><\/header><div class=\"eael-entry-content\">\n                                <div class=\"eael-grid-post-excerpt\"><p>Portrait Documentaire \u00ab\u00a0La t\u00eate qui tourne\u00a0\u00bb &#8211; SAE...<\/p><a href=\"https:\/\/ageron-mathurin.mmigrenoble-dev.fr\/?p=272\" class=\"eael-post-elements-readmore-btn\">Read More<\/a><\/div>\n                            <\/div><div class=\"eael-entry-header-after style-two\"><div class=\"eael-entry-meta\"><span class=\"eael-meta-posted-on\"><i class=\"far fa-clock\"><\/i><time datetime=\"avril 30, 2026\">avril 30, 2026<\/time><\/span><\/div><\/div><\/div><\/div>\n    <\/div>\n<\/article><article class=\"eael-grid-post  eael-post-grid-column eael-pg-post-270 category-developpement-web tags-phpstorm-projet-scolaire-site-web\" data-id=\"270\">\n    <div class=\"eael-grid-post-holder\">\n        <div class=\"eael-grid-post-holder-inner\"><div class=\"eael-entry-media\"><div class=\"eael-entry-overlay fade-in\"><i class=\"fas fa-long-arrow-alt-right\" aria-hidden=\"true\"><\/i><a href=\"https:\/\/ageron-mathurin.mmigrenoble-dev.fr\/?p=270\"><\/a><\/div><div class=\"eael-entry-thumbnail \">\n                            <img decoding=\"async\" width=\"1171\" height=\"894\" src=\"https:\/\/ageron-mathurin.mmigrenoble-dev.fr\/wp-content\/uploads\/2026\/04\/Capture-decran-2026-04-30-112715.png\" class=\"attachment-full size-full wp-image-290\" alt=\"\" srcset=\"https:\/\/ageron-mathurin.mmigrenoble-dev.fr\/wp-content\/uploads\/2026\/04\/Capture-decran-2026-04-30-112715.png 1171w, https:\/\/ageron-mathurin.mmigrenoble-dev.fr\/wp-content\/uploads\/2026\/04\/Capture-decran-2026-04-30-112715-300x229.png 300w, https:\/\/ageron-mathurin.mmigrenoble-dev.fr\/wp-content\/uploads\/2026\/04\/Capture-decran-2026-04-30-112715-1024x782.png 1024w, https:\/\/ageron-mathurin.mmigrenoble-dev.fr\/wp-content\/uploads\/2026\/04\/Capture-decran-2026-04-30-112715-768x586.png 768w\" sizes=\"(max-width: 1171px) 100vw, 1171px\" \/>\n                            <\/div>\n                    <\/div><div class=\"eael-entry-wrapper\"><header class=\"eael-entry-header\"><h2 class=\"eael-entry-title\"><a class=\"eael-grid-post-link\" href=\"https:\/\/ageron-mathurin.mmigrenoble-dev.fr\/?p=270\" title=\"Site Al Cha&rsquo;Maje &#8211; SAE 105\">Site Al Cha&rsquo;Maje &#8211; SAE 105<\/a><\/h2><\/header><div class=\"eael-entry-content\">\n                                <div class=\"eael-grid-post-excerpt\"><p>Site Al Cha&rsquo;Maje &#8211; SAE 105 Dans le...<\/p><a href=\"https:\/\/ageron-mathurin.mmigrenoble-dev.fr\/?p=270\" class=\"eael-post-elements-readmore-btn\">Read More<\/a><\/div>\n                            <\/div><div class=\"eael-entry-header-after style-two\"><div class=\"eael-entry-meta\"><span class=\"eael-meta-posted-on\"><i class=\"far fa-clock\"><\/i><time datetime=\"avril 30, 2026\">avril 30, 2026<\/time><\/span><\/div><\/div><\/div><\/div>\n    <\/div>\n<\/article><article class=\"eael-grid-post  eael-post-grid-column eael-pg-post-268 category-design-graphique tags-indesign-photoshop-projet-scolaire\" data-id=\"268\">\n    <div class=\"eael-grid-post-holder\">\n        <div class=\"eael-grid-post-holder-inner\"><div class=\"eael-entry-media\"><div class=\"eael-entry-overlay fade-in\"><i class=\"fas fa-long-arrow-alt-right\" aria-hidden=\"true\"><\/i><a href=\"https:\/\/ageron-mathurin.mmigrenoble-dev.fr\/?p=268\"><\/a><\/div><div class=\"eael-entry-thumbnail \">\n                            <img loading=\"lazy\" decoding=\"async\" width=\"1134\" height=\"1701\" src=\"https:\/\/ageron-mathurin.mmigrenoble-dev.fr\/wp-content\/uploads\/2026\/04\/Ageron_Mathurin_S1B1_web.png\" class=\"attachment-full size-full wp-image-165\" alt=\"\" srcset=\"https:\/\/ageron-mathurin.mmigrenoble-dev.fr\/wp-content\/uploads\/2026\/04\/Ageron_Mathurin_S1B1_web.png 1134w, https:\/\/ageron-mathurin.mmigrenoble-dev.fr\/wp-content\/uploads\/2026\/04\/Ageron_Mathurin_S1B1_web-200x300.png 200w, https:\/\/ageron-mathurin.mmigrenoble-dev.fr\/wp-content\/uploads\/2026\/04\/Ageron_Mathurin_S1B1_web-683x1024.png 683w, https:\/\/ageron-mathurin.mmigrenoble-dev.fr\/wp-content\/uploads\/2026\/04\/Ageron_Mathurin_S1B1_web-768x1152.png 768w, https:\/\/ageron-mathurin.mmigrenoble-dev.fr\/wp-content\/uploads\/2026\/04\/Ageron_Mathurin_S1B1_web-1024x1536.png 1024w\" sizes=\"(max-width: 1134px) 100vw, 1134px\" \/>\n                            <\/div>\n                    <\/div><div class=\"eael-entry-wrapper\"><header class=\"eael-entry-header\"><h2 class=\"eael-entry-title\"><a class=\"eael-grid-post-link\" href=\"https:\/\/ageron-mathurin.mmigrenoble-dev.fr\/?p=268\" title=\"Design Dualit\u00e9 &#8211; SAE 103\">Design Dualit\u00e9 &#8211; SAE 103<\/a><\/h2><\/header><div class=\"eael-entry-content\">\n                                <div class=\"eael-grid-post-excerpt\"><p>Design Dualit\u00e9 &#8211; SAE 103 Dans le cadre...<\/p><a href=\"https:\/\/ageron-mathurin.mmigrenoble-dev.fr\/?p=268\" class=\"eael-post-elements-readmore-btn\">Read More<\/a><\/div>\n                            <\/div><div class=\"eael-entry-header-after style-two\"><div class=\"eael-entry-meta\"><span class=\"eael-meta-posted-on\"><i class=\"far fa-clock\"><\/i><time datetime=\"avril 30, 2026\">avril 30, 2026<\/time><\/span><\/div><\/div><\/div><\/div>\n    <\/div>\n<\/article><article class=\"eael-grid-post  eael-post-grid-column eael-pg-post-265 category-design-graphique tags-illustrator-indesign-projet-scolaire\" data-id=\"265\">\n    <div class=\"eael-grid-post-holder\">\n        <div class=\"eael-grid-post-holder-inner\"><div class=\"eael-entry-media\"><div class=\"eael-entry-overlay fade-in\"><i class=\"fas fa-long-arrow-alt-right\" aria-hidden=\"true\"><\/i><a href=\"https:\/\/ageron-mathurin.mmigrenoble-dev.fr\/?p=265\"><\/a><\/div><div class=\"eael-entry-thumbnail \">\n                            <img loading=\"lazy\" decoding=\"async\" width=\"842\" height=\"1191\" src=\"https:\/\/ageron-mathurin.mmigrenoble-dev.fr\/wp-content\/uploads\/2026\/04\/affiche_montreuille_ageron_mathurin_S2B1.jpg\" class=\"attachment-full size-full wp-image-163\" alt=\"\" srcset=\"https:\/\/ageron-mathurin.mmigrenoble-dev.fr\/wp-content\/uploads\/2026\/04\/affiche_montreuille_ageron_mathurin_S2B1.jpg 842w, https:\/\/ageron-mathurin.mmigrenoble-dev.fr\/wp-content\/uploads\/2026\/04\/affiche_montreuille_ageron_mathurin_S2B1-212x300.jpg 212w, https:\/\/ageron-mathurin.mmigrenoble-dev.fr\/wp-content\/uploads\/2026\/04\/affiche_montreuille_ageron_mathurin_S2B1-724x1024.jpg 724w, https:\/\/ageron-mathurin.mmigrenoble-dev.fr\/wp-content\/uploads\/2026\/04\/affiche_montreuille_ageron_mathurin_S2B1-768x1086.jpg 768w\" sizes=\"(max-width: 842px) 100vw, 842px\" \/>\n                            <\/div>\n                    <\/div><div class=\"eael-entry-wrapper\"><header class=\"eael-entry-header\"><h2 class=\"eael-entry-title\"><a class=\"eael-grid-post-link\" href=\"https:\/\/ageron-mathurin.mmigrenoble-dev.fr\/?p=265\" title=\"Affiche Montreuil &#8211; R208\">Affiche Montreuil &#8211; R208<\/a><\/h2><\/header><div class=\"eael-entry-content\">\n                                <div class=\"eael-grid-post-excerpt\"><p>Affiche Montreuil &#8211; R208 Dans le cadre d&rsquo;un...<\/p><a href=\"https:\/\/ageron-mathurin.mmigrenoble-dev.fr\/?p=265\" class=\"eael-post-elements-readmore-btn\">Read More<\/a><\/div>\n                            <\/div><div class=\"eael-entry-header-after style-two\"><div class=\"eael-entry-meta\"><span class=\"eael-meta-posted-on\"><i class=\"far fa-clock\"><\/i><time datetime=\"avril 30, 2026\">avril 30, 2026<\/time><\/span><\/div><\/div><\/div><\/div>\n    <\/div>\n<\/article><article class=\"eael-grid-post  eael-post-grid-column eael-pg-post-261 category-montage-production-video tags-premier-pro-production-video-projet-scolaire\" data-id=\"261\">\n    <div class=\"eael-grid-post-holder\">\n        <div class=\"eael-grid-post-holder-inner\"><div class=\"eael-entry-media\"><div class=\"eael-entry-overlay fade-in\"><i class=\"fas fa-long-arrow-alt-right\" aria-hidden=\"true\"><\/i><a href=\"https:\/\/ageron-mathurin.mmigrenoble-dev.fr\/?p=261\"><\/a><\/div><div class=\"eael-entry-thumbnail \">\n                            <img loading=\"lazy\" decoding=\"async\" width=\"769\" height=\"951\" src=\"https:\/\/ageron-mathurin.mmigrenoble-dev.fr\/wp-content\/uploads\/2026\/04\/Capture-decran-2026-04-29-220403.png\" class=\"attachment-full size-full wp-image-166\" alt=\"\" srcset=\"https:\/\/ageron-mathurin.mmigrenoble-dev.fr\/wp-content\/uploads\/2026\/04\/Capture-decran-2026-04-29-220403.png 769w, https:\/\/ageron-mathurin.mmigrenoble-dev.fr\/wp-content\/uploads\/2026\/04\/Capture-decran-2026-04-29-220403-243x300.png 243w\" sizes=\"(max-width: 769px) 100vw, 769px\" \/>\n                            <\/div>\n                    <\/div><div class=\"eael-entry-wrapper\"><header class=\"eael-entry-header\"><h2 class=\"eael-entry-title\"><a class=\"eael-grid-post-link\" href=\"https:\/\/ageron-mathurin.mmigrenoble-dev.fr\/?p=261\" title=\"Publicit\u00e9 MacTacos &#8211; R210\">Publicit\u00e9 MacTacos &#8211; R210<\/a><\/h2><\/header><div class=\"eael-entry-content\">\n                                <div class=\"eael-grid-post-excerpt\"><p>Publicit\u00e9 MacTacos &#8211; R210 https:\/\/ageron-mathurin.mmigrenoble-dev.fr\/wp-content\/uploads\/2026\/04\/S2B1-pub-AGERON.mp4 Dans le cadre...<\/p><a href=\"https:\/\/ageron-mathurin.mmigrenoble-dev.fr\/?p=261\" class=\"eael-post-elements-readmore-btn\">Read More<\/a><\/div>\n                            <\/div><div class=\"eael-entry-header-after style-two\"><div class=\"eael-entry-meta\"><span class=\"eael-meta-posted-on\"><i class=\"far fa-clock\"><\/i><time datetime=\"avril 30, 2026\">avril 30, 2026<\/time><\/span><\/div><\/div><\/div><\/div>\n    <\/div>\n<\/article><\/div>\n            <div class=\"clearfix\"><\/div>\n        <\/div>\t\t\t\t<\/div>\n\t\t\t\t<\/div>\n\t\t<div class=\"elementor-element elementor-element-8002845 e-con-full e-flex e-con e-child\" data-id=\"8002845\" data-element_type=\"container\" data-e-type=\"container\" data-settings=\"{&quot;background_background&quot;:&quot;classic&quot;}\">\n\t\t\t\t<div class=\"elementor-element elementor-element-bdfe222 hfe-search-layout-text elementor-widget elementor-widget-hfe-search-button\" data-id=\"bdfe222\" data-element_type=\"widget\" data-e-type=\"widget\" data-settings=\"{&quot;size&quot;:{&quot;unit&quot;:&quot;px&quot;,&quot;size&quot;:50,&quot;sizes&quot;:[]},&quot;size_tablet&quot;:{&quot;unit&quot;:&quot;px&quot;,&quot;size&quot;:&quot;&quot;,&quot;sizes&quot;:[]},&quot;size_mobile&quot;:{&quot;unit&quot;:&quot;px&quot;,&quot;size&quot;:&quot;&quot;,&quot;sizes&quot;:[]},&quot;close_icon_size&quot;:{&quot;unit&quot;:&quot;px&quot;,&quot;size&quot;:&quot;20&quot;,&quot;sizes&quot;:[]},&quot;close_icon_size_tablet&quot;:{&quot;unit&quot;:&quot;px&quot;,&quot;size&quot;:&quot;&quot;,&quot;sizes&quot;:[]},&quot;close_icon_size_mobile&quot;:{&quot;unit&quot;:&quot;px&quot;,&quot;size&quot;:&quot;&quot;,&quot;sizes&quot;:[]}}\" data-widget_type=\"hfe-search-button.default\">\n\t\t\t\t<div class=\"elementor-widget-container\">\n\t\t\t\t\t\t\t<form class=\"hfe-search-button-wrapper\" role=\"search\" action=\"https:\/\/ageron-mathurin.mmigrenoble-dev.fr\/\" method=\"get\">\n\n\t\t\t\t\t\t<div class=\"hfe-search-form__container\" role=\"tablist\">\n\t\t\t\t\t\t\t\t\t<input placeholder=\"Saisissez et appuyez sur \u00ab\u00a0Entr\u00e9e\u00a0\u00bb...\" class=\"hfe-search-form__input\" type=\"search\" name=\"s\" title=\"Recherche\" value=\"\">\n\t\t\t\t\t\t<button id=\"clear\" type=\"reset\">\n\t\t\t\t\t\t\t<i class=\"fas fa-times clearable__clear\" aria-hidden=\"true\"><\/i>\n\t\t\t\t\t\t<\/button>\n\t\t\t\t\t\t\t<\/div>\n\t\t\t\t<\/form>\n\t\t\t\t\t\t<\/div>\n\t\t\t\t<\/div>\n\t\t\t\t<div class=\"elementor-element elementor-element-771897f elementor-widget elementor-widget-wp-widget-categories\" data-id=\"771897f\" data-element_type=\"widget\" data-e-type=\"widget\" data-widget_type=\"wp-widget-categories.default\">\n\t\t\t\t<div class=\"elementor-widget-container\">\n\t\t\t\t\t<h5>Cat\u00e9gories<\/h5><nav aria-label=\"Cat\u00e9gories\">\n\t\t\t<ul>\n\t\t\t\t\t<li class=\"cat-item cat-item-5\"><a href=\"https:\/\/ageron-mathurin.mmigrenoble-dev.fr\/?cat=5\">Communication<\/a>\n<\/li>\n\t<li class=\"cat-item cat-item-3\"><a href=\"https:\/\/ageron-mathurin.mmigrenoble-dev.fr\/?cat=3\">Design Graphique<\/a>\n<\/li>\n\t<li class=\"cat-item cat-item-4\"><a href=\"https:\/\/ageron-mathurin.mmigrenoble-dev.fr\/?cat=4\">D\u00e9veloppement web<\/a>\n<\/li>\n\t<li class=\"cat-item cat-item-7\"><a href=\"https:\/\/ageron-mathurin.mmigrenoble-dev.fr\/?cat=7\">Montage<\/a>\n<\/li>\n\t<li class=\"cat-item cat-item-6\"><a href=\"https:\/\/ageron-mathurin.mmigrenoble-dev.fr\/?cat=6\">Production Vid\u00e9o<\/a>\n<\/li>\n\t\t\t<\/ul>\n\n\t\t\t<\/nav>\t\t\t\t<\/div>\n\t\t\t\t<\/div>\n\t\t\t\t<div class=\"elementor-element elementor-element-e2dec71 elementor-widget elementor-widget-wp-widget-recent-posts\" data-id=\"e2dec71\" data-element_type=\"widget\" data-e-type=\"widget\" data-widget_type=\"wp-widget-recent-posts.default\">\n\t\t\t\t<div class=\"elementor-widget-container\">\n\t\t\t\t\t\n\t\t\n\t\t<h5>Articles r\u00e9cents<\/h5><nav aria-label=\"Articles r\u00e9cents\">\n\t\t<ul>\n\t\t\t\t\t\t\t\t\t\t\t<li>\n\t\t\t\t\t<a href=\"https:\/\/ageron-mathurin.mmigrenoble-dev.fr\/?p=274\">Portrait de Presse Ousmane Demb\u00e9l\u00e9 &#8211; R105<\/a>\n\t\t\t\t\t\t\t\t\t<\/li>\n\t\t\t\t\t\t\t\t\t\t\t<li>\n\t\t\t\t\t<a href=\"https:\/\/ageron-mathurin.mmigrenoble-dev.fr\/?p=272\">Portrait Documentaire \u00ab\u00a0La t\u00eate qui tourne\u00a0\u00bb &#8211; SAE 104<\/a>\n\t\t\t\t\t\t\t\t\t<\/li>\n\t\t\t\t\t\t\t\t\t\t\t<li>\n\t\t\t\t\t<a href=\"https:\/\/ageron-mathurin.mmigrenoble-dev.fr\/?p=270\">Site Al Cha&rsquo;Maje &#8211; SAE 105<\/a>\n\t\t\t\t\t\t\t\t\t<\/li>\n\t\t\t\t\t<\/ul>\n\n\t\t<\/nav>\t\t\t\t<\/div>\n\t\t\t\t<\/div>\n\t\t\t\t<div class=\"elementor-element elementor-element-707212b premium-tcloud__row elementor-widget elementor-widget-premium-tcloud\" data-id=\"707212b\" data-element_type=\"widget\" data-e-type=\"widget\" data-settings=\"{&quot;words_order&quot;:&quot;default&quot;,&quot;new_tab&quot;:&quot;yes&quot;,&quot;colors_select&quot;:&quot;random-light&quot;,&quot;fsize_scale&quot;:{&quot;unit&quot;:&quot;px&quot;,&quot;size&quot;:0,&quot;sizes&quot;:[]}}\" data-widget_type=\"premium-tcloud.default\">\n\t\t\t\t\t\n\t\t\t<div class=\"premium-tcloud-container premium-tcloud-default\" data-chart=\"{&quot;wordsArr&quot;:[[&quot;Design Graphique&quot;,2,&quot;https:\\\/\\\/ageron-mathurin.mmigrenoble-dev.fr\\\/?cat=3&quot;,&quot;Design Graphique&quot;,2],[&quot;D\\u00e9veloppement web&quot;,1,&quot;https:\\\/\\\/ageron-mathurin.mmigrenoble-dev.fr\\\/?cat=4&quot;,&quot;D\\u00e9veloppement web&quot;,1],[&quot;Communication&quot;,1,&quot;https:\\\/\\\/ageron-mathurin.mmigrenoble-dev.fr\\\/?cat=5&quot;,&quot;Communication&quot;,1],[&quot;Production Vid\\u00e9o&quot;,2,&quot;https:\\\/\\\/ageron-mathurin.mmigrenoble-dev.fr\\\/?cat=6&quot;,&quot;Production Vid\\u00e9o&quot;,2],[&quot;Montage&quot;,2,&quot;https:\\\/\\\/ageron-mathurin.mmigrenoble-dev.fr\\\/?cat=7&quot;,&quot;Montage&quot;,2]]}\">\n\n\t\t\t\t<div class=\"premium-tcloud-canvas-container\">\n\n\t\t\t\t\t\n\n\t\t\t\t\t\n\t\t\t\t\t\t\n\t\t\t\t\t\t\n\t\t\t\t\t\t\t\n\t\t\t\t\t\t\t\t<div class=\"premium-tcloud-term-wrap\">\n\n\t\t\t\t\t\t\t\t\t<span class=\"premium-tcloud-term\">\n\t\t\t\t\t\t\t\t\t\t<a class=\"premium-tcloud-term-link\" data-weight=\"2\" href=\"https:\/\/ageron-mathurin.mmigrenoble-dev.fr\/?cat=3\" title=\"Design Graphique\" target=\"_blank\">Design Graphique\t\t\t\t\t\t\t\t\t\t\t<span class=\"premium-tcloud-number\">(2)<\/span><\/a>\n\t\t\t\t\t\t\t\t\t<\/span>\n\t\t\t\t\t\t\t\t<\/div>\n\t\t\t\t\t\t\t\t\t\t\t\t\t\n\t\t\t\t\t\t\t\n\t\t\t\t\t\t\t\t<div class=\"premium-tcloud-term-wrap\">\n\n\t\t\t\t\t\t\t\t\t<span class=\"premium-tcloud-term\">\n\t\t\t\t\t\t\t\t\t\t<a class=\"premium-tcloud-term-link\" data-weight=\"1\" href=\"https:\/\/ageron-mathurin.mmigrenoble-dev.fr\/?cat=4\" title=\"D\u00e9veloppement web\" target=\"_blank\">D\u00e9veloppement web\t\t\t\t\t\t\t\t\t\t\t<span class=\"premium-tcloud-number\">(1)<\/span><\/a>\n\t\t\t\t\t\t\t\t\t<\/span>\n\t\t\t\t\t\t\t\t<\/div>\n\t\t\t\t\t\t\t\t\t\t\t\t\t\n\t\t\t\t\t\t\t\n\t\t\t\t\t\t\t\t<div class=\"premium-tcloud-term-wrap\">\n\n\t\t\t\t\t\t\t\t\t<span class=\"premium-tcloud-term\">\n\t\t\t\t\t\t\t\t\t\t<a class=\"premium-tcloud-term-link\" data-weight=\"1\" href=\"https:\/\/ageron-mathurin.mmigrenoble-dev.fr\/?cat=5\" title=\"Communication\" target=\"_blank\">Communication\t\t\t\t\t\t\t\t\t\t\t<span class=\"premium-tcloud-number\">(1)<\/span><\/a>\n\t\t\t\t\t\t\t\t\t<\/span>\n\t\t\t\t\t\t\t\t<\/div>\n\t\t\t\t\t\t\t\t\t\t\t\t\t\n\t\t\t\t\t\t\t\n\t\t\t\t\t\t\t\t<div class=\"premium-tcloud-term-wrap\">\n\n\t\t\t\t\t\t\t\t\t<span class=\"premium-tcloud-term\">\n\t\t\t\t\t\t\t\t\t\t<a class=\"premium-tcloud-term-link\" data-weight=\"2\" href=\"https:\/\/ageron-mathurin.mmigrenoble-dev.fr\/?cat=6\" title=\"Production Vid\u00e9o\" target=\"_blank\">Production Vid\u00e9o\t\t\t\t\t\t\t\t\t\t\t<span class=\"premium-tcloud-number\">(2)<\/span><\/a>\n\t\t\t\t\t\t\t\t\t<\/span>\n\t\t\t\t\t\t\t\t<\/div>\n\t\t\t\t\t\t\t\t\t\t\t\t\t\n\t\t\t\t\t\t\t\n\t\t\t\t\t\t\t\t<div class=\"premium-tcloud-term-wrap\">\n\n\t\t\t\t\t\t\t\t\t<span class=\"premium-tcloud-term\">\n\t\t\t\t\t\t\t\t\t\t<a class=\"premium-tcloud-term-link\" data-weight=\"2\" href=\"https:\/\/ageron-mathurin.mmigrenoble-dev.fr\/?cat=7\" title=\"Montage\" target=\"_blank\">Montage\t\t\t\t\t\t\t\t\t\t\t<span class=\"premium-tcloud-number\">(2)<\/span><\/a>\n\t\t\t\t\t\t\t\t\t<\/span>\n\t\t\t\t\t\t\t\t<\/div>\n\t\t\t\t\t\t\t\t\t\t\t\t\t\n\t\t\t\t\t\t\t\t\t\t\t\n\t\t\t\t<\/div>\n\n\t\t\t<\/div>\n\n\t\t\t\t\t\t<\/div>\n\t\t\t\t<\/div>\n\t\t\t\t\t<\/div>\n\t\t\t\t<\/div>\n\t\t\t\t<\/div>\n\t\t","protected":false},"excerpt":{"rendered":"<p>Portrait de Presse Ousmane Demb\u00e9l\u00e9 &#8211; R105 Portrait de Presse Ousmane Demb\u00e9l\u00e9 &#8211; R105 Dans&#8230; Read More avril 30, 2026 Portrait Documentaire \u00ab\u00a0La t\u00eate qui tourne\u00a0\u00bb &#8211; SAE 104 Portrait Documentaire \u00ab\u00a0La t\u00eate qui tourne\u00a0\u00bb &#8211; SAE&#8230; Read More avril 30, 2026 Site Al Cha&rsquo;Maje &#8211; SAE 105 Site Al Cha&rsquo;Maje &#8211; SAE 105 Dans [&hellip;]<\/p>\n","protected":false},"author":4,"featured_media":0,"parent":0,"menu_order":0,"comment_status":"closed","ping_status":"closed","template":"","meta":{"footnotes":""},"class_list":["post-67","page","type-page","status-publish","hentry"],"_links":{"self":[{"href":"https:\/\/ageron-mathurin.mmigrenoble-dev.fr\/index.php?rest_route=\/wp\/v2\/pages\/67","targetHints":{"allow":["GET"]}}],"collection":[{"href":"https:\/\/ageron-mathurin.mmigrenoble-dev.fr\/index.php?rest_route=\/wp\/v2\/pages"}],"about":[{"href":"https:\/\/ageron-mathurin.mmigrenoble-dev.fr\/index.php?rest_route=\/wp\/v2\/types\/page"}],"author":[{"embeddable":true,"href":"https:\/\/ageron-mathurin.mmigrenoble-dev.fr\/index.php?rest_route=\/wp\/v2\/users\/4"}],"replies":[{"embeddable":true,"href":"https:\/\/ageron-mathurin.mmigrenoble-dev.fr\/index.php?rest_route=%2Fwp%2Fv2%2Fcomments&post=67"}],"version-history":[{"count":52,"href":"https:\/\/ageron-mathurin.mmigrenoble-dev.fr\/index.php?rest_route=\/wp\/v2\/pages\/67\/revisions"}],"predecessor-version":[{"id":394,"href":"https:\/\/ageron-mathurin.mmigrenoble-dev.fr\/index.php?rest_route=\/wp\/v2\/pages\/67\/revisions\/394"}],"wp:attachment":[{"href":"https:\/\/ageron-mathurin.mmigrenoble-dev.fr\/index.php?rest_route=%2Fwp%2Fv2%2Fmedia&parent=67"}],"curies":[{"name":"wp","href":"https:\/\/api.w.org\/{rel}","templated":true}]}}