{"id":63,"date":"2026-04-27T13:24:17","date_gmt":"2026-04-27T13:24:17","guid":{"rendered":"https:\/\/ageron-mathurin.mmigrenoble-dev.fr\/?page_id=63"},"modified":"2026-04-29T22:36:26","modified_gmt":"2026-04-29T22:36:26","slug":"a-propos","status":"publish","type":"page","link":"https:\/\/ageron-mathurin.mmigrenoble-dev.fr\/?page_id=63","title":{"rendered":"\u00e0 propos"},"content":{"rendered":"\t\t<div data-elementor-type=\"wp-page\" data-elementor-id=\"63\" class=\"elementor elementor-63\">\n\t\t\t\t<div class=\"elementor-element elementor-element-11a93ef e-flex e-con-boxed e-con e-parent\" data-id=\"11a93ef\" data-element_type=\"container\" data-e-type=\"container\">\n\t\t\t\t\t<div class=\"e-con-inner\">\n\t\t<div class=\"elementor-element elementor-element-6996777 e-con-full e-flex e-con e-child\" data-id=\"6996777\" data-element_type=\"container\" data-e-type=\"container\">\n\t\t<div class=\"elementor-element elementor-element-b867c9c e-con-full e-flex e-con e-child\" data-id=\"b867c9c\" data-element_type=\"container\" data-e-type=\"container\">\n\t\t\t\t<div class=\"elementor-element elementor-element-43765cb elementor-widget elementor-widget-image\" data-id=\"43765cb\" data-element_type=\"widget\" data-e-type=\"widget\" data-widget_type=\"image.default\">\n\t\t\t\t\t\t\t\t\t\t\t\t\t\t\t<img fetchpriority=\"high\" decoding=\"async\" width=\"768\" height=\"1366\" src=\"https:\/\/ageron-mathurin.mmigrenoble-dev.fr\/wp-content\/uploads\/2026\/04\/P1002613-768x1366.jpg\" class=\"attachment-medium_large size-medium_large wp-image-190\" alt=\"\" srcset=\"https:\/\/ageron-mathurin.mmigrenoble-dev.fr\/wp-content\/uploads\/2026\/04\/P1002613-768x1366.jpg 768w, https:\/\/ageron-mathurin.mmigrenoble-dev.fr\/wp-content\/uploads\/2026\/04\/P1002613-169x300.jpg 169w, https:\/\/ageron-mathurin.mmigrenoble-dev.fr\/wp-content\/uploads\/2026\/04\/P1002613-576x1024.jpg 576w, https:\/\/ageron-mathurin.mmigrenoble-dev.fr\/wp-content\/uploads\/2026\/04\/P1002613-864x1536.jpg 864w, https:\/\/ageron-mathurin.mmigrenoble-dev.fr\/wp-content\/uploads\/2026\/04\/P1002613-1152x2048.jpg 1152w, https:\/\/ageron-mathurin.mmigrenoble-dev.fr\/wp-content\/uploads\/2026\/04\/P1002613-scaled.jpg 1440w\" sizes=\"(max-width: 768px) 100vw, 768px\" \/>\t\t\t\t\t\t\t\t\t\t\t\t\t\t\t<\/div>\n\t\t\t\t<\/div>\n\t\t<div class=\"elementor-element elementor-element-6e9ad77 e-con-full e-flex e-con e-child\" data-id=\"6e9ad77\" data-element_type=\"container\" data-e-type=\"container\">\n\t\t\t\t<div class=\"elementor-element elementor-element-ada0aa9 elementor-widget elementor-widget-heading\" data-id=\"ada0aa9\" data-element_type=\"widget\" data-e-type=\"widget\" data-widget_type=\"heading.default\">\n\t\t\t\t\t<h2 class=\"elementor-heading-title elementor-size-default\">Enchant\u00e9, moi c'est Mathurin<\/h2>\t\t\t\t<\/div>\n\t\t\t\t<div class=\"elementor-element elementor-element-81ad11a elementor-widget elementor-widget-text-editor\" data-id=\"81ad11a\" data-element_type=\"widget\" data-e-type=\"widget\" data-widget_type=\"text-editor.default\">\n\t\t\t\t\t\t\t\t\t<p>Passionn\u00e9 par le monde du num\u00e9rique depuis mes 9 ans, je suis actuellement en BUT M\u00e9tier du Multim\u00e9dia et de l&rsquo;Internet. Mon approche ? Allier la technique \u00e0 une esth\u00e9tique douce et moderne pour cr\u00e9er des projets uniques qui ont du sens.<\/p>\t\t\t\t\t\t\t\t<\/div>\n\t\t\t\t<\/div>\n\t\t\t\t<\/div>\n\t\t<div class=\"elementor-element elementor-element-920acf0 e-con-full e-flex e-con e-child\" data-id=\"920acf0\" data-element_type=\"container\" data-e-type=\"container\">\n\t\t\t\t<div class=\"elementor-element elementor-element-413d012 elementor-widget elementor-widget-heading\" data-id=\"413d012\" data-element_type=\"widget\" data-e-type=\"widget\" data-widget_type=\"heading.default\">\n\t\t\t\t\t<h2 class=\"elementor-heading-title elementor-size-default\">Mon chemin vers le design.<\/h2>\t\t\t\t<\/div>\n\t\t\t\t<div class=\"elementor-element elementor-element-08f73d4 elementor-widget elementor-widget-text-editor\" data-id=\"08f73d4\" data-element_type=\"widget\" data-e-type=\"widget\" data-widget_type=\"text-editor.default\">\n\t\t\t\t\t\t\t\t\t<p data-path-to-node=\"9,1,1,1\">Tout a commenc\u00e9 quand, au lyc\u00e9e, j&rsquo;ai rencontr\u00e9 un ami qui \u00e9tait graphiste, je le regardais travailler tous les soirs. Depuis, je n&rsquo;ai jamais arr\u00eat\u00e9 d&rsquo;apprendre. Mon parcours m&rsquo;a permis de d\u00e9velopper une vision globale du m\u00e9tier, de la compr\u00e9hension du besoin client jusqu&rsquo;au rendu final.<\/p><p data-path-to-node=\"9,1,1,2\">Aujourd&rsquo;hui, je me concentre sur le design graphique, la cr\u00e9ation de contenu multim\u00e9dia et la production vid\u00e9o.<\/p>\t\t\t\t\t\t\t\t<\/div>\n\t\t\t\t<\/div>\n\t\t\t\t<div class=\"elementor-element elementor-element-e60fb61 elementor-widget elementor-widget-heading\" data-id=\"e60fb61\" data-element_type=\"widget\" data-e-type=\"widget\" data-widget_type=\"heading.default\">\n\t\t\t\t\t<h2 class=\"elementor-heading-title elementor-size-default\">Et concr\u00e8tement \u00e7a donne quoi ? <\/h2>\t\t\t\t<\/div>\n\t\t<div class=\"elementor-element elementor-element-b9db1d7 e-con-full e-flex e-con e-child\" data-id=\"b9db1d7\" data-element_type=\"container\" data-e-type=\"container\">\n\t\t<div class=\"elementor-element elementor-element-6a33af4 e-con-full e-flex e-con e-child\" data-id=\"6a33af4\" data-element_type=\"container\" data-e-type=\"container\">\n\t\t\t\t<div class=\"elementor-element elementor-element-21b58a8 elementor-widget elementor-widget-progress\" data-id=\"21b58a8\" data-element_type=\"widget\" data-e-type=\"widget\" data-widget_type=\"progress.default\">\n\t\t\t\t\t\n\t\t<div class=\"elementor-progress-wrapper\" role=\"progressbar\" aria-valuemin=\"0\" aria-valuemax=\"100\" aria-valuenow=\"85\" aria-valuetext=\"85% (Photoshop)\">\n\t\t\t<div class=\"elementor-progress-bar\" data-max=\"85\">\n\t\t\t\t<span class=\"elementor-progress-text\">Photoshop<\/span>\n\t\t\t\t\t\t\t\t\t<span class=\"elementor-progress-percentage\">85%<\/span>\n\t\t\t\t\t\t\t<\/div>\n\t\t<\/div>\n\t\t\t\t\t\t<\/div>\n\t\t\t\t<div class=\"elementor-element elementor-element-03b3c4c elementor-widget elementor-widget-progress\" data-id=\"03b3c4c\" data-element_type=\"widget\" data-e-type=\"widget\" data-widget_type=\"progress.default\">\n\t\t\t\t\t\n\t\t<div class=\"elementor-progress-wrapper\" role=\"progressbar\" aria-valuemin=\"0\" aria-valuemax=\"100\" aria-valuenow=\"70\" aria-valuetext=\"70% (Illustrator)\">\n\t\t\t<div class=\"elementor-progress-bar\" data-max=\"70\">\n\t\t\t\t<span class=\"elementor-progress-text\">Illustrator<\/span>\n\t\t\t\t\t\t\t\t\t<span class=\"elementor-progress-percentage\">70%<\/span>\n\t\t\t\t\t\t\t<\/div>\n\t\t<\/div>\n\t\t\t\t\t\t<\/div>\n\t\t\t\t<div class=\"elementor-element elementor-element-8b5c18c elementor-widget elementor-widget-progress\" data-id=\"8b5c18c\" data-element_type=\"widget\" data-e-type=\"widget\" data-widget_type=\"progress.default\">\n\t\t\t\t\t\n\t\t<div class=\"elementor-progress-wrapper\" role=\"progressbar\" aria-valuemin=\"0\" aria-valuemax=\"100\" aria-valuenow=\"80\" aria-valuetext=\"80% (Premiere Pro)\">\n\t\t\t<div class=\"elementor-progress-bar\" data-max=\"80\">\n\t\t\t\t<span class=\"elementor-progress-text\">Premiere Pro<\/span>\n\t\t\t\t\t\t\t\t\t<span class=\"elementor-progress-percentage\">80%<\/span>\n\t\t\t\t\t\t\t<\/div>\n\t\t<\/div>\n\t\t\t\t\t\t<\/div>\n\t\t\t\t<div class=\"elementor-element elementor-element-8d2195d elementor-widget elementor-widget-progress\" data-id=\"8d2195d\" data-element_type=\"widget\" data-e-type=\"widget\" data-widget_type=\"progress.default\">\n\t\t\t\t\t\n\t\t<div class=\"elementor-progress-wrapper\" role=\"progressbar\" aria-valuemin=\"0\" aria-valuemax=\"100\" aria-valuenow=\"30\" aria-valuetext=\"30% (Lightroom)\">\n\t\t\t<div class=\"elementor-progress-bar\" data-max=\"30\">\n\t\t\t\t<span class=\"elementor-progress-text\">Lightroom<\/span>\n\t\t\t\t\t\t\t\t\t<span class=\"elementor-progress-percentage\">30%<\/span>\n\t\t\t\t\t\t\t<\/div>\n\t\t<\/div>\n\t\t\t\t\t\t<\/div>\n\t\t\t\t<div class=\"elementor-element elementor-element-ec60e92 elementor-widget elementor-widget-progress\" data-id=\"ec60e92\" data-element_type=\"widget\" data-e-type=\"widget\" data-widget_type=\"progress.default\">\n\t\t\t\t\t\n\t\t<div class=\"elementor-progress-wrapper\" role=\"progressbar\" aria-valuemin=\"0\" aria-valuemax=\"100\" aria-valuenow=\"90\" aria-valuetext=\"90% (Figma)\">\n\t\t\t<div class=\"elementor-progress-bar\" data-max=\"90\">\n\t\t\t\t<span class=\"elementor-progress-text\">Figma<\/span>\n\t\t\t\t\t\t\t\t\t<span class=\"elementor-progress-percentage\">90%<\/span>\n\t\t\t\t\t\t\t<\/div>\n\t\t<\/div>\n\t\t\t\t\t\t<\/div>\n\t\t\t\t<div class=\"elementor-element elementor-element-2ac717e elementor-widget elementor-widget-progress\" data-id=\"2ac717e\" data-element_type=\"widget\" data-e-type=\"widget\" data-widget_type=\"progress.default\">\n\t\t\t\t\t\n\t\t<div class=\"elementor-progress-wrapper\" role=\"progressbar\" aria-valuemin=\"0\" aria-valuemax=\"100\" aria-valuenow=\"85\" aria-valuetext=\"85% (WordPress)\">\n\t\t\t<div class=\"elementor-progress-bar\" data-max=\"85\">\n\t\t\t\t<span class=\"elementor-progress-text\">WordPress<\/span>\n\t\t\t\t\t\t\t\t\t<span class=\"elementor-progress-percentage\">85%<\/span>\n\t\t\t\t\t\t\t<\/div>\n\t\t<\/div>\n\t\t\t\t\t\t<\/div>\n\t\t\t\t<\/div>\n\t\t<div class=\"elementor-element elementor-element-2fbd3df e-con-full e-flex e-con e-child\" data-id=\"2fbd3df\" data-element_type=\"container\" data-e-type=\"container\">\n\t\t\t\t<div class=\"elementor-element elementor-element-a83699a elementor-widget elementor-widget-text-editor\" data-id=\"a83699a\" data-element_type=\"widget\" data-e-type=\"widget\" data-widget_type=\"text-editor.default\">\n\t\t\t\t\t\t\t\t\t<p>Curieux<\/p>\n<p>Autonome<\/p>\n<p>Cr\u00e9atif<\/p>\n<p>Atypique<\/p>\n<p><br><\/p>\t\t\t\t\t\t\t\t<\/div>\n\t\t\t\t<\/div>\n\t\t\t\t<\/div>\n\t\t<div class=\"elementor-element elementor-element-0cf5feb e-con-full e-flex e-con e-child\" data-id=\"0cf5feb\" data-element_type=\"container\" data-e-type=\"container\">\n\t\t\t\t<div class=\"elementor-element elementor-element-af73036 elementor-widget elementor-widget-heading\" data-id=\"af73036\" data-element_type=\"widget\" data-e-type=\"widget\" data-widget_type=\"heading.default\">\n\t\t\t\t\t<h2 class=\"elementor-heading-title elementor-size-default\">Ce qui me fait vibrer<\/h2>\t\t\t\t<\/div>\n\t\t<div class=\"elementor-element elementor-element-26384c9 e-con-full e-flex e-con e-child\" data-id=\"26384c9\" data-element_type=\"container\" data-e-type=\"container\">\n\t\t<div class=\"elementor-element elementor-element-b7e8e34 e-con-full e-flex e-con e-child\" data-id=\"b7e8e34\" data-element_type=\"container\" data-e-type=\"container\">\n\t\t\t\t<div class=\"elementor-element elementor-element-81f225e elementor-widget elementor-widget-heading\" data-id=\"81f225e\" data-element_type=\"widget\" data-e-type=\"widget\" data-widget_type=\"heading.default\">\n\t\t\t\t\t<h2 class=\"elementor-heading-title elementor-size-default\">Photographie<\/h2>\t\t\t\t<\/div>\n\t\t\t\t<div class=\"elementor-element elementor-element-c3e0f81 elementor-widget elementor-widget-text-editor\" data-id=\"c3e0f81\" data-element_type=\"widget\" data-e-type=\"widget\" data-widget_type=\"text-editor.default\">\n\t\t\t\t\t\t\t\t\t<p>J&rsquo;aime capturer l&rsquo;instant et l&rsquo;ajuster pour partager ma vision du monde !<\/p>\t\t\t\t\t\t\t\t<\/div>\n\t\t\t\t<\/div>\n\t\t<div class=\"elementor-element elementor-element-61d9aee e-con-full e-flex e-con e-child\" data-id=\"61d9aee\" data-element_type=\"container\" data-e-type=\"container\">\n\t\t\t\t<div class=\"elementor-element elementor-element-2b3a0c6 elementor-widget elementor-widget-heading\" data-id=\"2b3a0c6\" data-element_type=\"widget\" data-e-type=\"widget\" data-widget_type=\"heading.default\">\n\t\t\t\t\t<h2 class=\"elementor-heading-title elementor-size-default\">Voyages<\/h2>\t\t\t\t<\/div>\n\t\t\t\t<div class=\"elementor-element elementor-element-48eeb63 elementor-widget elementor-widget-text-editor\" data-id=\"48eeb63\" data-element_type=\"widget\" data-e-type=\"widget\" data-widget_type=\"text-editor.default\">\n\t\t\t\t\t\t\t\t\t<p>Une grande soif de d\u00e9couverte, j&rsquo;aime parcourir les cultures et d\u00e9couvrir de magnifiques paysages.<\/p>\t\t\t\t\t\t\t\t<\/div>\n\t\t\t\t<\/div>\n\t\t<div class=\"elementor-element elementor-element-a14c5ec e-con-full e-flex e-con e-child\" data-id=\"a14c5ec\" data-element_type=\"container\" data-e-type=\"container\">\n\t\t\t\t<div class=\"elementor-element elementor-element-ad74c4c elementor-widget elementor-widget-heading\" data-id=\"ad74c4c\" data-element_type=\"widget\" data-e-type=\"widget\" data-widget_type=\"heading.default\">\n\t\t\t\t\t<h2 class=\"elementor-heading-title elementor-size-default\">Sport<\/h2>\t\t\t\t<\/div>\n\t\t\t\t<div class=\"elementor-element elementor-element-c654749 elementor-widget elementor-widget-text-editor\" data-id=\"c654749\" data-element_type=\"widget\" data-e-type=\"widget\" data-widget_type=\"text-editor.default\">\n\t\t\t\t\t\t\t\t\t<p>Pour un esprit sain et pr\u00eat \u00e0 affronter les \u00e9preuves de la vie.<\/p>\t\t\t\t\t\t\t\t<\/div>\n\t\t\t\t<\/div>\n\t\t\t\t<\/div>\n\t\t\t\t<\/div>\n\t\t<div class=\"elementor-element elementor-element-de2fa68 e-con-full e-flex e-con e-child\" data-id=\"de2fa68\" data-element_type=\"container\" data-e-type=\"container\">\n\t\t\t\t<div class=\"elementor-element elementor-element-12b83c6 elementor-align-center elementor-widget elementor-widget-button\" data-id=\"12b83c6\" data-element_type=\"widget\" data-e-type=\"widget\" data-widget_type=\"button.default\">\n\t\t\t\t\t\t\t\t\t\t<a class=\"elementor-button elementor-button-link elementor-size-sm\" href=\"https:\/\/ageron-mathurin.mmigrenoble-dev.fr\/wp-content\/uploads\/2026\/04\/CV-AGERON_Mathurin-1.pdf\" download=\"\">\n\t\t\t\t\t\t<span class=\"elementor-button-content-wrapper\">\n\t\t\t\t\t\t\t\t\t<span class=\"elementor-button-text\">T\u00e9l\u00e9charger mon CV<\/span>\n\t\t\t\t\t<\/span>\n\t\t\t\t\t<\/a>\n\t\t\t\t\t\t\t\t<\/div>\n\t\t\t\t<\/div>\n\t\t\t\t\t<\/div>\n\t\t\t\t<\/div>\n\t\t\t\t<\/div>\n\t\t","protected":false},"excerpt":{"rendered":"<p>Enchant\u00e9, moi c&rsquo;est Mathurin Passionn\u00e9 par le monde du num\u00e9rique depuis mes 9 ans, je suis actuellement en BUT M\u00e9tier du Multim\u00e9dia et de l&rsquo;Internet. Mon approche ? Allier la technique \u00e0 une esth\u00e9tique douce et moderne pour cr\u00e9er des projets uniques qui ont du sens. Mon chemin vers le design. Tout a commenc\u00e9 quand, [&hellip;]<\/p>\n","protected":false},"author":4,"featured_media":0,"parent":0,"menu_order":0,"comment_status":"closed","ping_status":"closed","template":"","meta":{"footnotes":""},"class_list":["post-63","page","type-page","status-publish","hentry"],"_links":{"self":[{"href":"https:\/\/ageron-mathurin.mmigrenoble-dev.fr\/index.php?rest_route=\/wp\/v2\/pages\/63","targetHints":{"allow":["GET"]}}],"collection":[{"href":"https:\/\/ageron-mathurin.mmigrenoble-dev.fr\/index.php?rest_route=\/wp\/v2\/pages"}],"about":[{"href":"https:\/\/ageron-mathurin.mmigrenoble-dev.fr\/index.php?rest_route=\/wp\/v2\/types\/page"}],"author":[{"embeddable":true,"href":"https:\/\/ageron-mathurin.mmigrenoble-dev.fr\/index.php?rest_route=\/wp\/v2\/users\/4"}],"replies":[{"embeddable":true,"href":"https:\/\/ageron-mathurin.mmigrenoble-dev.fr\/index.php?rest_route=%2Fwp%2Fv2%2Fcomments&post=63"}],"version-history":[{"count":28,"href":"https:\/\/ageron-mathurin.mmigrenoble-dev.fr\/index.php?rest_route=\/wp\/v2\/pages\/63\/revisions"}],"predecessor-version":[{"id":234,"href":"https:\/\/ageron-mathurin.mmigrenoble-dev.fr\/index.php?rest_route=\/wp\/v2\/pages\/63\/revisions\/234"}],"wp:attachment":[{"href":"https:\/\/ageron-mathurin.mmigrenoble-dev.fr\/index.php?rest_route=%2Fwp%2Fv2%2Fmedia&parent=63"}],"curies":[{"name":"wp","href":"https:\/\/api.w.org\/{rel}","templated":true}]}}